{"id":1851,"date":"2026-03-17T17:54:29","date_gmt":"2026-03-17T16:54:29","guid":{"rendered":"https:\/\/bloom-settimocielo.com\/?page_id=1851"},"modified":"2026-03-19T11:04:48","modified_gmt":"2026-03-19T10:04:48","slug":"donde-alojarse-en-venecia-guia-completa","status":"publish","type":"page","link":"https:\/\/bloom-settimocielo.com\/es\/donde-alojarse-en-venecia-guia-completa\/","title":{"rendered":"D\u00f3nde alojarse en Venecia: gu\u00eda completa"},"content":{"rendered":"<p>Si est\u00e1s planeando una estancia en Venecia, elegir la zona adecuada y el tipo de alojamiento puede cambiar por completo tu experiencia. Esta gu\u00eda te ayuda a encontrar la mejor opci\u00f3n seg\u00fan tu estilo de viaje.<\/p>\n<h2>Las mejores boutique stays en Venecia<\/h2>\n<ul>\n<li><a href=\"https:\/\/bloom-settimocielo.com\/es\/boutique-bed-and-breakfast-in-campo-santo-stefano\/\">Boutique bed and breakfast en Campo Santo Stefano Venecia<\/a><\/li>\n<li><a href=\"https:\/\/bloom-settimocielo.com\/es\/romantico-bed-and-breakfast-en-el-centro-de-venecia\/\">Bed and breakfast rom\u00e1ntico en el centro de Venecia<\/a><\/li>\n<li><a href=\"https:\/\/bloom-settimocielo.com\/es\/lugar-tranquilo-en-el-centro-de-venecia\/\">Lugar tranquilo donde alojarse en el centro de Venecia<\/a><\/li>\n<li><a href=\"https:\/\/bloom-settimocielo.com\/es\/terraza-panoramica-bed-and-breakfast-en-venecia\/\">Bed and breakfast en Venecia con terraza panor\u00e1mica<\/a><\/li>\n<\/ul>\n<h2>Seg\u00fan la intenci\u00f3n del viaje<\/h2>\n<ul>\n<li><a href=\"https:\/\/bloom-settimocielo.com\/es\/bienal-de-venecia-donde-alojarse\/\">D\u00f3nde alojarse para la Bienal de Venecia<\/a><\/li>\n<li><a href=\"https:\/\/bloom-settimocielo.com\/es\/estancia-de-2-noches-en-venecia\/\">Estancia de 2 noches en Venecia: d\u00f3nde alojarse en un Boutique B&amp;B c\u00e9ntrico<\/a><\/li>\n<li><a href=\"https:\/\/bloom-settimocielo.com\/es\/mejor-zona-donde-alojarse-en-venecia-para-pareja\/\">Mejor zona donde alojarse en Venecia para parejas<\/a><\/li>\n<li><a href=\"https:\/\/bloom-settimocielo.com\/es\/bed-and-breakfast-accademia\/\">Bed and breakfast cerca de Accademia Venecia<\/a><\/li>\n<\/ul>\n<h2>Informaci\u00f3n pr\u00e1ctica<\/h2>\n<ul>\n<li><a href=\"https:\/\/bloom-settimocielo.com\/es\/como-llegar-a-campo-santo-stefano-venecia\/\">C\u00f3mo llegar a Campo Santo Stefano Venecia<\/a><\/li>\n<li><a href=\"https:\/\/bloom-settimocielo.com\/es\/bed-and-breakfast-en-venecia-sin-ascensor\/\">Bed and breakfast en Venecia sin ascensor<\/a><\/li>\n<\/ul>\n","protected":false},"excerpt":{"rendered":"<p>Si est\u00e1s planeando una estancia en Venecia, elegir la zona adecuada y el tipo de alojamiento puede cambiar por completo tu experiencia. Esta gu\u00eda te ayuda a encontrar la mejor opci\u00f3n seg\u00fan tu estilo de viaje. Las mejores boutique stays en Venecia Boutique bed and breakfast en Campo Santo Stefano Venecia Bed and breakfast rom\u00e1ntico [&hellip;]<\/p>\n","protected":false},"author":1,"featured_media":1850,"parent":0,"menu_order":0,"comment_status":"closed","ping_status":"closed","template":"","meta":{"_acf_changed":false,"inline_featured_image":false,"_joinchat":[],"footnotes":""},"class_list":["post-1851","page","type-page","status-publish","has-post-thumbnail","hentry"],"acf":[],"_links":{"self":[{"href":"https:\/\/bloom-settimocielo.com\/es\/wp-json\/wp\/v2\/pages\/1851","targetHints":{"allow":["GET"]}}],"collection":[{"href":"https:\/\/bloom-settimocielo.com\/es\/wp-json\/wp\/v2\/pages"}],"about":[{"href":"https:\/\/bloom-settimocielo.com\/es\/wp-json\/wp\/v2\/types\/page"}],"author":[{"embeddable":true,"href":"https:\/\/bloom-settimocielo.com\/es\/wp-json\/wp\/v2\/users\/1"}],"replies":[{"embeddable":true,"href":"https:\/\/bloom-settimocielo.com\/es\/wp-json\/wp\/v2\/comments?post=1851"}],"version-history":[{"count":2,"href":"https:\/\/bloom-settimocielo.com\/es\/wp-json\/wp\/v2\/pages\/1851\/revisions"}],"predecessor-version":[{"id":1887,"href":"https:\/\/bloom-settimocielo.com\/es\/wp-json\/wp\/v2\/pages\/1851\/revisions\/1887"}],"wp:featuredmedia":[{"embeddable":true,"href":"https:\/\/bloom-settimocielo.com\/es\/wp-json\/wp\/v2\/media\/1850"}],"wp:attachment":[{"href":"https:\/\/bloom-settimocielo.com\/es\/wp-json\/wp\/v2\/media?parent=1851"}],"curies":[{"name":"wp","href":"https:\/\/api.w.org\/{rel}","templated":true}]}}