{"id":736,"date":"2023-05-15T11:26:49","date_gmt":"2023-05-15T09:26:49","guid":{"rendered":"https:\/\/bloom-settimocielo.com\/privacy-policy\/"},"modified":"2023-09-04T14:20:19","modified_gmt":"2023-09-04T12:20:19","slug":"privacy-policy","status":"publish","type":"page","link":"https:\/\/bloom-settimocielo.com\/es\/privacy-policy\/","title":{"rendered":"Privacy Policy"},"content":{"rendered":"\n<p>La siguiente informaci\u00f3n se facilita de conformidad con el art. 13 del Decreto Legislativo n. 196 de 30 de junio de 2003, \u00abC\u00f3digo en materia de protecci\u00f3n de los datos personales\u00bb.<\/p>\n\n\n\n<p>1.Los datos que nos facilite ser\u00e1n tratados con el fin de llevar a cabo su reserva tur\u00edstica desde el sitio web <a href=\"https:\/\/bloom-settimocielo.com\/\">https:\/\/bloom-settimocielo.com\/<\/a>.<\/p>\n\n\n\n<p>2.Los datos se tratar\u00e1n con instrumentos manuales y\/o inform\u00e1ticos capaces de memorizar, gestionar y transmitir dichos datos.<\/p>\n\n\n\n<p>3.La comunicaci\u00f3n de los datos es obligatoria para completar la reserva.<\/p>\n\n\n\n<p>4.El Titular de los datos, responsable del tratamiento, es Alessandra Vazzoler de la sociedad Bloom di Vazzoler Alessandra propietaria del Bloom B&amp;B, con sede en San Marco, 3470 (Italia) &#8211; Tel\u00e9fono +39 340 1498872 &#8211; email info@bloom-venice.com.<\/p>\n\n\n\n<p>5.En cualquier momento, puede ejercer sus derechos frente al Titular de los datos, de conformidad con el art\u00edculo 7 del Decreto Legislativo 196\/2003, que para su comodidad transcribimos \u00edntegramente:<\/p>\n\n\n\n<ol class=\"wp-block-list\">\n<li>El interesado tiene derecho a obtener la confirmaci\u00f3n de la existencia o inexistencia de datos personales que le conciernan, aunque a\u00fan no est\u00e9n registrados, y tiene derecho a obtener su comunicaci\u00f3n en forma inteligible.<\/li>\n\n\n\n<li>El interesado tiene derecho a obtener informaci\u00f3n sobre:<\/li>\n<\/ol>\n\n\n\n<p>a) el origen de los datos personales;<\/p>\n\n\n\n<p>b) c\u00f3mo y con qu\u00e9 fines se utilizan dichos datos;<\/p>\n\n\n\n<p>c) la l\u00f3gica aplicada en caso de tratamiento mediante instrumentos electr\u00f3nicos<\/p>\n\n\n\n<p>d) la identidad del titular, del responsable y del representante designado con arreglo al art\u00edculo 5, coma 2;<\/p>\n\n\n\n<p>e) los destinatarios o las categor\u00edas de destinatarios a los que se pueden comunicar los datos personales o que pueden llegar a conocerlos en calidad de representantes designados en el territorio del Estado, o de delegados y responsables.<\/p>\n\n\n\n<ol class=\"wp-block-list\" start=\"3\">\n<li>El interesado tiene derecho a obtener<\/li>\n<\/ol>\n\n\n\n<p>a) la actualizaci\u00f3n, la rectificaci\u00f3n y, en su caso, la integraci\u00f3n de los datos;<\/p>\n\n\n\n<p>b) la cancelaci\u00f3n, la transformaci\u00f3n en forma an\u00f3nima o el bloqueo de los datos utilizados en violaci\u00f3n de la ley, incluidos aquellos cuya conservaci\u00f3n no es necesaria para los fines para los que fueron recogidos y posteriormente tratados.<\/p>\n\n\n\n<p>c) la prueba de que los actos a que se refieren las letras a) y b), as\u00ed como su contenido, han sido comunicados a los destinatarios de los datos personales, salvo en los casos en que tal cumplimiento resulte imposible o exija la utilizaci\u00f3n de medios manifiestamente desproporcionados respecto del derecho protegido.<\/p>\n\n\n\n<ol class=\"wp-block-list\" start=\"4\">\n<li>El interesado tiene derecho a oponerse, total o parcialmente<\/li>\n<\/ol>\n\n\n\n<p>a) al tratamiento de los datos personales que le conciernan, con motivo leg\u00edtimo, aunque pertenezcan a la finalidad de su recogida inicial;<\/p>\n\n\n\n<p>b) al tratamiento de los datos personales que le conciernan y cuya finalidad sea el env\u00edo de material publicitario o de venta directa, as\u00ed como para la realizaci\u00f3n de estudios de mercado o de comunicaci\u00f3n comercial.<\/p>\n\n\n\n<p><\/p>\n","protected":false},"excerpt":{"rendered":"<p>La siguiente informaci\u00f3n se facilita de conformidad con el art. 13 del Decreto Legislativo n. 196 de 30 de junio de 2003, \u00abC\u00f3digo en materia de protecci\u00f3n de los datos personales\u00bb. 1.Los datos que nos facilite ser\u00e1n tratados con el fin de llevar a cabo su reserva tur\u00edstica desde el sitio web https:\/\/bloom-settimocielo.com\/. 2.Los datos [&hellip;]<\/p>\n","protected":false},"author":1,"featured_media":0,"parent":0,"menu_order":0,"comment_status":"closed","ping_status":"closed","template":"","meta":{"_acf_changed":false,"inline_featured_image":false,"_joinchat":[],"footnotes":""},"class_list":["post-736","page","type-page","status-publish","hentry"],"acf":[],"_links":{"self":[{"href":"https:\/\/bloom-settimocielo.com\/es\/wp-json\/wp\/v2\/pages\/736","targetHints":{"allow":["GET"]}}],"collection":[{"href":"https:\/\/bloom-settimocielo.com\/es\/wp-json\/wp\/v2\/pages"}],"about":[{"href":"https:\/\/bloom-settimocielo.com\/es\/wp-json\/wp\/v2\/types\/page"}],"author":[{"embeddable":true,"href":"https:\/\/bloom-settimocielo.com\/es\/wp-json\/wp\/v2\/users\/1"}],"replies":[{"embeddable":true,"href":"https:\/\/bloom-settimocielo.com\/es\/wp-json\/wp\/v2\/comments?post=736"}],"version-history":[{"count":2,"href":"https:\/\/bloom-settimocielo.com\/es\/wp-json\/wp\/v2\/pages\/736\/revisions"}],"predecessor-version":[{"id":739,"href":"https:\/\/bloom-settimocielo.com\/es\/wp-json\/wp\/v2\/pages\/736\/revisions\/739"}],"wp:attachment":[{"href":"https:\/\/bloom-settimocielo.com\/es\/wp-json\/wp\/v2\/media?parent=736"}],"curies":[{"name":"wp","href":"https:\/\/api.w.org\/{rel}","templated":true}]}}