{"id":1848,"date":"2026-03-17T17:54:29","date_gmt":"2026-03-17T16:54:29","guid":{"rendered":"https:\/\/bloom-settimocielo.com\/?page_id=1848"},"modified":"2026-03-19T10:57:47","modified_gmt":"2026-03-19T09:57:47","slug":"venise-ou-sejourner-guide-complet","status":"publish","type":"page","link":"https:\/\/bloom-settimocielo.com\/fr\/venise-ou-sejourner-guide-complet\/","title":{"rendered":"O\u00f9 s\u00e9journer \u00e0 Venise : guide complet"},"content":{"rendered":"<p>Si vous pr\u00e9voyez un s\u00e9jour \u00e0 Venise, choisir le bon quartier et le bon type d\u2019h\u00e9bergement peut compl\u00e8tement changer votre exp\u00e9rience. Ce guide vous aide \u00e0 trouver l\u2019option la plus adapt\u00e9e \u00e0 votre style de voyage.<\/p>\n<h2>Les meilleurs boutique stays \u00e0 Venise<\/h2>\n<ul>\n<li><a href=\"https:\/\/bloom-settimocielo.com\/fr\/boutique-bed-and-breakfast-in-campo-santo-stefano\/\">Boutique bed and breakfast en Campo Santo Stefano Venise<\/a><\/li>\n<li><a href=\"https:\/\/bloom-settimocielo.com\/fr\/romantique-bed-and-breakfast-venise\/\">Bed and breakfast romantique dans le centre de Venise<\/a><\/li>\n<li><a href=\"https:\/\/bloom-settimocielo.com\/fr\/endroit-calme-ou-sejourner-dans-le-centre-de-venise\/\">Endroit calme o\u00f9 s\u00e9journer dans le centre de Venise<\/a><\/li>\n<li><a href=\"https:\/\/bloom-settimocielo.com\/fr\/terrasse-panoramique-bed-and-breakfast-venise\/\">Bed and breakfast \u00e0 Venise avec terrasse panoramique<\/a><\/li>\n<\/ul>\n<h2>Par intention de voyage<\/h2>\n<ul>\n<li><a href=\"https:\/\/bloom-settimocielo.com\/fr\/biennale-de-venise-ou-sejourner\/\">O\u00f9 s\u00e9journer pour la Biennale de Venise<\/a><\/li>\n<li><a href=\"https:\/\/bloom-settimocielo.com\/fr\/sejour-de-2-nuits-a-venise\/\">S\u00e9jour de 2 nuits \u00e0 Venise: o\u00f9 dormir dans un boutique B&amp;B central<\/a><\/li>\n<li><a href=\"https:\/\/bloom-settimocielo.com\/fr\/meilleur-quartier-ou-sejourner-a-venise-pour-couples\/\">Meilleur quartier o\u00f9 s\u00e9journer \u00e0 Venise pour les couples<\/a><\/li>\n<li><a href=\"https:\/\/bloom-settimocielo.com\/fr\/bed-and-breakfast-pres-de-laccademia\/\">Bed and breakfast pr\u00e8s de l\u2019Accademia Venise<\/a><\/li>\n<\/ul>\n<h2>Informations pratiques<\/h2>\n<ul>\n<li><a href=\"https:\/\/bloom-settimocielo.com\/fr\/comment-rejoindre-campo-santo-stefano-venise\/\">Comment rejoindre Campo Santo Stefano Venise<\/a><\/li>\n<li><a href=\"https:\/\/bloom-settimocielo.com\/fr\/bed-and-breakfast-a-venise-sans-ascenseur\/\">Bed and breakfast \u00e0 Venise sans ascenseur<\/a><\/li>\n<\/ul>\n","protected":false},"excerpt":{"rendered":"<p>Si vous pr\u00e9voyez un s\u00e9jour \u00e0 Venise, choisir le bon quartier et le bon type d\u2019h\u00e9bergement peut compl\u00e8tement changer votre exp\u00e9rience. Ce guide vous aide \u00e0 trouver l\u2019option la plus adapt\u00e9e \u00e0 votre style de voyage. Les meilleurs boutique stays \u00e0 Venise Boutique bed and breakfast en Campo Santo Stefano Venise Bed and breakfast romantique [&hellip;]<\/p>\n","protected":false},"author":1,"featured_media":1847,"parent":0,"menu_order":0,"comment_status":"closed","ping_status":"closed","template":"","meta":{"_acf_changed":false,"inline_featured_image":false,"_joinchat":[],"footnotes":""},"class_list":["post-1848","page","type-page","status-publish","has-post-thumbnail","hentry"],"acf":[],"_links":{"self":[{"href":"https:\/\/bloom-settimocielo.com\/fr\/wp-json\/wp\/v2\/pages\/1848","targetHints":{"allow":["GET"]}}],"collection":[{"href":"https:\/\/bloom-settimocielo.com\/fr\/wp-json\/wp\/v2\/pages"}],"about":[{"href":"https:\/\/bloom-settimocielo.com\/fr\/wp-json\/wp\/v2\/types\/page"}],"author":[{"embeddable":true,"href":"https:\/\/bloom-settimocielo.com\/fr\/wp-json\/wp\/v2\/users\/1"}],"replies":[{"embeddable":true,"href":"https:\/\/bloom-settimocielo.com\/fr\/wp-json\/wp\/v2\/comments?post=1848"}],"version-history":[{"count":2,"href":"https:\/\/bloom-settimocielo.com\/fr\/wp-json\/wp\/v2\/pages\/1848\/revisions"}],"predecessor-version":[{"id":1885,"href":"https:\/\/bloom-settimocielo.com\/fr\/wp-json\/wp\/v2\/pages\/1848\/revisions\/1885"}],"wp:featuredmedia":[{"embeddable":true,"href":"https:\/\/bloom-settimocielo.com\/fr\/wp-json\/wp\/v2\/media\/1847"}],"wp:attachment":[{"href":"https:\/\/bloom-settimocielo.com\/fr\/wp-json\/wp\/v2\/media?parent=1848"}],"curies":[{"name":"wp","href":"https:\/\/api.w.org\/{rel}","templated":true}]}}